{"id":118979,"date":"2014-11-10T05:40:36","date_gmt":"2014-11-10T07:40:36","guid":{"rendered":"https:\/\/www.vagasrio.com.br\/?page_id=118979"},"modified":"2025-06-07T23:59:50","modified_gmt":"2025-06-08T02:59:50","slug":"denunciar","status":"publish","type":"page","link":"https:\/\/www.vagasrio.com.br\/index.php\/denunciar\/","title":{"rendered":"Denunciar"},"content":{"rendered":"<p style=\"text-align: justify;\">Uma verdadeira \u201cpraga\u201d que vem invadindo os sites de emprego gratuitos s\u00e3o os vendedores de kits do tipo \u201ctrabalhe em casa\u201d que pedem que o candidato deposite algum valor para receber um \u201ckit\u201d que nada mais \u00e9 que um pacote com informa\u00e7\u00f5es sobre como vender o tal kit a outros incautos. N\u00f3s temos v\u00e1rios anos de experi\u00eancia no segmento de sites gratuitos de emprego e sempre que vemos um an\u00fancio desse tipo n\u00f3s simplesmente descartamos, mas os \u201cespertos\u201d s\u00e3o criativos, e \u00e0s vezes o an\u00fancio vem t\u00e3o bem disfar\u00e7ado que n\u00f3s n\u00e3o percebemos.<\/p>\n<p style=\"text-align: justify;\">Pedimos que sempre que voc\u00ea responder a um an\u00fancio de emprego e o anunciante lhe disser que voc\u00ea precisa pagar para ter mais informa\u00e7\u00e3o voc\u00ea JAMAIS DEPOSITE valor algum e em vez disso DENUNCIE enviando um e-mail diretamente para <a title=\"abuse@vagasrio.com.br\" href=\"mailto:abuse@vagasrio.com.br\">abuse@vagasrio.com.br<\/a>, informando no assunto do e-mail &#8220;den\u00fancia RJ&#8221;, assim n\u00f3s podemos remover o an\u00fancio e banir quem o enviou de nossa lista de recrutadores confi\u00e1veis.<\/p>\n","protected":false},"excerpt":{"rendered":"<p>Uma verdadeira \u201cpraga\u201d que vem invadindo os sites de emprego gratuitos s\u00e3o os vendedores de kits do tipo \u201ctrabalhe em casa\u201d que pedem que o [&#8230;]<\/p>\n","protected":false},"author":3,"featured_media":0,"parent":0,"menu_order":20,"comment_status":"closed","ping_status":"closed","template":"","meta":{"footnotes":""},"class_list":["post-118979","page","type-page","status-publish","hentry"],"yoast_head":"<!-- This site is optimized with the Yoast SEO plugin v27.5 - https:\/\/yoast.com\/product\/yoast-seo-wordpress\/ -->\n<title>Denunciar - VagasRIO<\/title>\n<meta name=\"robots\" content=\"index, follow, max-snippet:-1, max-image-preview:large, max-video-preview:-1\" \/>\n<link rel=\"canonical\" href=\"https:\/\/www.vagasrio.com.br\/index.php\/denunciar\/\" \/>\n<meta property=\"og:locale\" content=\"pt_BR\" \/>\n<meta property=\"og:type\" content=\"article\" \/>\n<meta property=\"og:title\" content=\"Denunciar - VagasRIO\" \/>\n<meta property=\"og:description\" content=\"Uma verdadeira \u201cpraga\u201d que vem invadindo os sites de emprego gratuitos s\u00e3o os vendedores de kits do tipo \u201ctrabalhe em casa\u201d que pedem que o [...]\" \/>\n<meta property=\"og:url\" content=\"https:\/\/www.vagasrio.com.br\/index.php\/denunciar\/\" \/>\n<meta property=\"og:site_name\" content=\"VagasRIO\" \/>\n<meta property=\"article:modified_time\" content=\"2025-06-08T02:59:50+00:00\" \/>\n<meta name=\"twitter:card\" content=\"summary_large_image\" \/>\n<meta name=\"twitter:label1\" content=\"Est. tempo de leitura\" \/>\n\t<meta name=\"twitter:data1\" content=\"1 minuto\" \/>\n<script type=\"application\/ld+json\" class=\"yoast-schema-graph\">{\"@context\":\"https:\\\/\\\/schema.org\",\"@graph\":[{\"@type\":\"WebPage\",\"@id\":\"https:\\\/\\\/www.vagasrio.com.br\\\/index.php\\\/denunciar\\\/\",\"url\":\"https:\\\/\\\/www.vagasrio.com.br\\\/index.php\\\/denunciar\\\/\",\"name\":\"Denunciar - VagasRIO\",\"isPartOf\":{\"@id\":\"https:\\\/\\\/www.vagasrio.com.br\\\/#website\"},\"datePublished\":\"2014-11-10T07:40:36+00:00\",\"dateModified\":\"2025-06-08T02:59:50+00:00\",\"breadcrumb\":{\"@id\":\"https:\\\/\\\/www.vagasrio.com.br\\\/index.php\\\/denunciar\\\/#breadcrumb\"},\"inLanguage\":\"pt-BR\",\"potentialAction\":[{\"@type\":\"ReadAction\",\"target\":[\"https:\\\/\\\/www.vagasrio.com.br\\\/index.php\\\/denunciar\\\/\"]}]},{\"@type\":\"BreadcrumbList\",\"@id\":\"https:\\\/\\\/www.vagasrio.com.br\\\/index.php\\\/denunciar\\\/#breadcrumb\",\"itemListElement\":[{\"@type\":\"ListItem\",\"position\":1,\"name\":\"Home\",\"item\":\"https:\\\/\\\/www.vagasrio.com.br\\\/\"},{\"@type\":\"ListItem\",\"position\":2,\"name\":\"Denunciar\"}]},{\"@type\":\"WebSite\",\"@id\":\"https:\\\/\\\/www.vagasrio.com.br\\\/#website\",\"url\":\"https:\\\/\\\/www.vagasrio.com.br\\\/\",\"name\":\"VagasRIO\",\"description\":\"Vagas de Emprego e Est\u00e1gio no Rio de Janeiro\",\"publisher\":{\"@id\":\"https:\\\/\\\/www.vagasrio.com.br\\\/#organization\"},\"potentialAction\":[{\"@type\":\"SearchAction\",\"target\":{\"@type\":\"EntryPoint\",\"urlTemplate\":\"https:\\\/\\\/www.vagasrio.com.br\\\/?s={search_term_string}\"},\"query-input\":{\"@type\":\"PropertyValueSpecification\",\"valueRequired\":true,\"valueName\":\"search_term_string\"}}],\"inLanguage\":\"pt-BR\"},{\"@type\":\"Organization\",\"@id\":\"https:\\\/\\\/www.vagasrio.com.br\\\/#organization\",\"name\":\"VagasRIO\",\"url\":\"https:\\\/\\\/www.vagasrio.com.br\\\/\",\"logo\":{\"@type\":\"ImageObject\",\"inLanguage\":\"pt-BR\",\"@id\":\"https:\\\/\\\/www.vagasrio.com.br\\\/#\\\/schema\\\/logo\\\/image\\\/\",\"url\":\"https:\\\/\\\/www.vagasrio.com.br\\\/wp-content\\\/uploads\\\/2025\\\/06\\\/cropped-logo90.jpg\",\"contentUrl\":\"https:\\\/\\\/www.vagasrio.com.br\\\/wp-content\\\/uploads\\\/2025\\\/06\\\/cropped-logo90.jpg\",\"width\":220,\"height\":90,\"caption\":\"VagasRIO\"},\"image\":{\"@id\":\"https:\\\/\\\/www.vagasrio.com.br\\\/#\\\/schema\\\/logo\\\/image\\\/\"}}]}<\/script>\n<!-- \/ Yoast SEO plugin. -->","yoast_head_json":{"title":"Denunciar - VagasRIO","robots":{"index":"index","follow":"follow","max-snippet":"max-snippet:-1","max-image-preview":"max-image-preview:large","max-video-preview":"max-video-preview:-1"},"canonical":"https:\/\/www.vagasrio.com.br\/index.php\/denunciar\/","og_locale":"pt_BR","og_type":"article","og_title":"Denunciar - VagasRIO","og_description":"Uma verdadeira \u201cpraga\u201d que vem invadindo os sites de emprego gratuitos s\u00e3o os vendedores de kits do tipo \u201ctrabalhe em casa\u201d que pedem que o [...]","og_url":"https:\/\/www.vagasrio.com.br\/index.php\/denunciar\/","og_site_name":"VagasRIO","article_modified_time":"2025-06-08T02:59:50+00:00","twitter_card":"summary_large_image","twitter_misc":{"Est. tempo de leitura":"1 minuto"},"schema":{"@context":"https:\/\/schema.org","@graph":[{"@type":"WebPage","@id":"https:\/\/www.vagasrio.com.br\/index.php\/denunciar\/","url":"https:\/\/www.vagasrio.com.br\/index.php\/denunciar\/","name":"Denunciar - VagasRIO","isPartOf":{"@id":"https:\/\/www.vagasrio.com.br\/#website"},"datePublished":"2014-11-10T07:40:36+00:00","dateModified":"2025-06-08T02:59:50+00:00","breadcrumb":{"@id":"https:\/\/www.vagasrio.com.br\/index.php\/denunciar\/#breadcrumb"},"inLanguage":"pt-BR","potentialAction":[{"@type":"ReadAction","target":["https:\/\/www.vagasrio.com.br\/index.php\/denunciar\/"]}]},{"@type":"BreadcrumbList","@id":"https:\/\/www.vagasrio.com.br\/index.php\/denunciar\/#breadcrumb","itemListElement":[{"@type":"ListItem","position":1,"name":"Home","item":"https:\/\/www.vagasrio.com.br\/"},{"@type":"ListItem","position":2,"name":"Denunciar"}]},{"@type":"WebSite","@id":"https:\/\/www.vagasrio.com.br\/#website","url":"https:\/\/www.vagasrio.com.br\/","name":"VagasRIO","description":"Vagas de Emprego e Est\u00e1gio no Rio de Janeiro","publisher":{"@id":"https:\/\/www.vagasrio.com.br\/#organization"},"potentialAction":[{"@type":"SearchAction","target":{"@type":"EntryPoint","urlTemplate":"https:\/\/www.vagasrio.com.br\/?s={search_term_string}"},"query-input":{"@type":"PropertyValueSpecification","valueRequired":true,"valueName":"search_term_string"}}],"inLanguage":"pt-BR"},{"@type":"Organization","@id":"https:\/\/www.vagasrio.com.br\/#organization","name":"VagasRIO","url":"https:\/\/www.vagasrio.com.br\/","logo":{"@type":"ImageObject","inLanguage":"pt-BR","@id":"https:\/\/www.vagasrio.com.br\/#\/schema\/logo\/image\/","url":"https:\/\/www.vagasrio.com.br\/wp-content\/uploads\/2025\/06\/cropped-logo90.jpg","contentUrl":"https:\/\/www.vagasrio.com.br\/wp-content\/uploads\/2025\/06\/cropped-logo90.jpg","width":220,"height":90,"caption":"VagasRIO"},"image":{"@id":"https:\/\/www.vagasrio.com.br\/#\/schema\/logo\/image\/"}}]}},"_links":{"self":[{"href":"https:\/\/www.vagasrio.com.br\/index.php\/wp-json\/wp\/v2\/pages\/118979","targetHints":{"allow":["GET"]}}],"collection":[{"href":"https:\/\/www.vagasrio.com.br\/index.php\/wp-json\/wp\/v2\/pages"}],"about":[{"href":"https:\/\/www.vagasrio.com.br\/index.php\/wp-json\/wp\/v2\/types\/page"}],"author":[{"embeddable":true,"href":"https:\/\/www.vagasrio.com.br\/index.php\/wp-json\/wp\/v2\/users\/3"}],"replies":[{"embeddable":true,"href":"https:\/\/www.vagasrio.com.br\/index.php\/wp-json\/wp\/v2\/comments?post=118979"}],"version-history":[{"count":3,"href":"https:\/\/www.vagasrio.com.br\/index.php\/wp-json\/wp\/v2\/pages\/118979\/revisions"}],"predecessor-version":[{"id":191241,"href":"https:\/\/www.vagasrio.com.br\/index.php\/wp-json\/wp\/v2\/pages\/118979\/revisions\/191241"}],"wp:attachment":[{"href":"https:\/\/www.vagasrio.com.br\/index.php\/wp-json\/wp\/v2\/media?parent=118979"}],"curies":[{"name":"wp","href":"https:\/\/api.w.org\/{rel}","templated":true}]}}