{"id":155164,"date":"2017-04-13T18:08:57","date_gmt":"2017-04-13T21:08:57","guid":{"rendered":"https:\/\/www.vagasrio.com.br\/?page_id=155164"},"modified":"2025-06-07T23:35:26","modified_gmt":"2025-06-08T02:35:26","slug":"divulgar-vaga","status":"publish","type":"page","link":"https:\/\/www.vagasrio.com.br\/index.php\/divulgar-vaga\/","title":{"rendered":"Divulgar Vaga"},"content":{"rendered":"<p style=\"text-align: justify;\">Pedimos que voc\u00ea leia atentamente as <a href=\"https:\/\/www.vagasrio.com.br\/regras\/\">regras<\/a> para postagem antes de enviar sua proposta de an\u00fancio gratuito.<\/p>\n<p style=\"text-align: justify;\"><strong><span style=\"color: #ff0000;\">Favor n\u00e3o preencher os dados usando s\u00f3 letras mai\u00fasculas.\u00a0<\/span><\/strong><strong><span style=\"color: #ff0000;\">Vagas assim tomam tempo de nossa equipe\u00a0<\/span><\/strong><strong><span style=\"color: #ff0000;\"> e poder\u00e3o ser ignoradas.<\/span><\/strong><\/p>\n\n<div class=\"wpcf7 no-js\" id=\"wpcf7-f155163-o1\" lang=\"pt-BR\" dir=\"ltr\" data-wpcf7-id=\"155163\">\n<div class=\"screen-reader-response\"><p role=\"status\" aria-live=\"polite\" aria-atomic=\"true\"><\/p> <ul><\/ul><\/div>\n<form action=\"\/index.php\/wp-json\/wp\/v2\/pages\/155164#wpcf7-f155163-o1\" method=\"post\" class=\"wpcf7-form init\" aria-label=\"Formul\u00e1rios de contato\" novalidate=\"novalidate\" data-status=\"init\">\n<fieldset class=\"hidden-fields-container\"><input type=\"hidden\" name=\"_wpcf7\" value=\"155163\" \/><input type=\"hidden\" name=\"_wpcf7_version\" value=\"6.1.5\" \/><input type=\"hidden\" name=\"_wpcf7_locale\" value=\"pt_BR\" \/><input type=\"hidden\" name=\"_wpcf7_unit_tag\" value=\"wpcf7-f155163-o1\" \/><input type=\"hidden\" name=\"_wpcf7_container_post\" value=\"0\" \/><input type=\"hidden\" name=\"_wpcf7_posted_data_hash\" value=\"\" \/><input type=\"hidden\" name=\"_wpcf7_recaptcha_response\" value=\"\" \/>\n<\/fieldset>\n<p>T\u00edtulo do an\u00fancio (campo obrigat\u00f3rio - sugerimos que use o cargo)\n<\/p>\n<p><span class=\"wpcf7-form-control-wrap\" data-name=\"titulo_anuncio\"><input size=\"40\" maxlength=\"400\" class=\"wpcf7-form-control wpcf7-text wpcf7-validates-as-required\" aria-required=\"true\" aria-invalid=\"false\" value=\"\" type=\"text\" name=\"titulo_anuncio\" \/><\/span>\n<\/p>\n<p>Cidade da vaga (esse campo \u00e9 obrigat\u00f3rio)\n<\/p>\n<p><span class=\"wpcf7-form-control-wrap\" data-name=\"cidade\"><input size=\"40\" maxlength=\"400\" class=\"wpcf7-form-control wpcf7-text wpcf7-validates-as-required cidade\" id=\"cidade\" aria-required=\"true\" aria-invalid=\"false\" value=\"\" type=\"text\" name=\"cidade\" \/><\/span> - RJ\n<\/p>\n<p>Principais atribui\u00e7\u00f5es do cargo (esse campo \u00e9 opcional)\n<\/p>\n<p><span class=\"wpcf7-form-control-wrap\" data-name=\"atribuicoes\"><textarea cols=\"40\" rows=\"10\" maxlength=\"2000\" class=\"wpcf7-form-control wpcf7-textarea atribuicoes\" id=\"atribuicoes\" aria-invalid=\"false\" name=\"atribuicoes\"><\/textarea><\/span>\n<\/p>\n<p>Requisitos para o candidato (esse campo \u00e9 opcional)\n<\/p>\n<p><span class=\"wpcf7-form-control-wrap\" data-name=\"requisitos\"><textarea cols=\"40\" rows=\"10\" maxlength=\"2000\" class=\"wpcf7-form-control wpcf7-textarea requisitos\" id=\"requisitos\" aria-invalid=\"false\" name=\"requisitos\"><\/textarea><\/span>\n<\/p>\n<p>Jornada de trabalho (esse campo \u00e9 opcional)\n<\/p>\n<p><span class=\"wpcf7-form-control-wrap\" data-name=\"jornada\"><textarea cols=\"40\" rows=\"10\" maxlength=\"2000\" class=\"wpcf7-form-control wpcf7-textarea jornada\" id=\"jornada\" aria-invalid=\"false\" name=\"jornada\"><\/textarea><\/span>\n<\/p>\n<p>Sal\u00e1rio oferecido (esse campo \u00e9 opcional)\n<\/p>\n<p><span class=\"wpcf7-form-control-wrap\" data-name=\"salario\"><input size=\"40\" maxlength=\"400\" class=\"wpcf7-form-control wpcf7-text salario\" id=\"salario\" aria-invalid=\"false\" value=\"\" type=\"text\" name=\"salario\" \/><\/span>\n<\/p>\n<p>Benef\u00edcios oferecidos (esse campo \u00e9 opcional)\n<\/p>\n<p><span class=\"wpcf7-form-control-wrap\" data-name=\"beneficios\"><textarea cols=\"40\" rows=\"10\" maxlength=\"2000\" class=\"wpcf7-form-control wpcf7-textarea beneficios\" id=\"beneficios\" aria-invalid=\"false\" name=\"beneficios\"><\/textarea><\/span>\n<\/p>\n<p>Observa\u00e7\u00f5es (esse campo \u00e9 opcional)\n<\/p>\n<p><span class=\"wpcf7-form-control-wrap\" data-name=\"observacoes\"><input size=\"40\" maxlength=\"400\" class=\"wpcf7-form-control wpcf7-text observacoes\" id=\"observacoes\" aria-invalid=\"false\" value=\"\" type=\"text\" name=\"observacoes\" \/><\/span>\n<\/p>\n<p>E-mail para envio de curr\u00edculos (esse campo \u00e9 obrigat\u00f3rio)\n<\/p>\n<p><span class=\"wpcf7-form-control-wrap\" data-name=\"email_curriculo\"><input size=\"40\" maxlength=\"400\" class=\"wpcf7-form-control wpcf7-email wpcf7-validates-as-required wpcf7-text wpcf7-validates-as-email email_curriculo\" id=\"email_curriculo\" aria-required=\"true\" aria-invalid=\"false\" value=\"\" type=\"email\" name=\"email_curriculo\" \/><\/span>\n<\/p>\n<p align=justify><strong>Os dados a seguir n\u00e3o ser\u00e3o publicados no an\u00fancio, s\u00e3o para nosso cadastro interno.<\/strong>\n<\/p>\n<p>Nome completo do recrutador (esse campo \u00e9 obrigat\u00f3rio)\n<\/p>\n<p><span class=\"wpcf7-form-control-wrap\" data-name=\"nome_recrutador\"><input size=\"40\" maxlength=\"400\" class=\"wpcf7-form-control wpcf7-text wpcf7-validates-as-required nome_recrutador\" id=\"nome_recrutador\" aria-required=\"true\" aria-invalid=\"false\" value=\"\" type=\"text\" name=\"nome_recrutador\" \/><\/span>\n<\/p>\n<p>Nome da empresa recrutadora (se aplic\u00e1vel)\n<\/p>\n<p><span class=\"wpcf7-form-control-wrap\" data-name=\"nome_empresa\"><input size=\"40\" maxlength=\"400\" class=\"wpcf7-form-control wpcf7-text nome_empresa\" id=\"nome_empresa\" aria-invalid=\"false\" value=\"\" type=\"text\" name=\"nome_empresa\" \/><\/span>\n<\/p>\n<p>CNPJ (esse campo \u00e9 obrigat\u00f3rio)\n<\/p>\n<p><span class=\"wpcf7-form-control-wrap\" data-name=\"cnpj_cpf\"><input size=\"40\" maxlength=\"400\" class=\"wpcf7-form-control wpcf7-text wpcf7-validates-as-required cnpj_cpf\" id=\"cnpj_cpf\" aria-required=\"true\" aria-invalid=\"false\" value=\"\" type=\"text\" name=\"cnpj_cpf\" \/><\/span>\n<\/p>\n<p>E-mail para contato (obrigat\u00f3rio)\n<\/p>\n<p><span class=\"wpcf7-form-control-wrap\" data-name=\"your-email\"><input size=\"40\" maxlength=\"400\" class=\"wpcf7-form-control wpcf7-email wpcf7-validates-as-required wpcf7-text wpcf7-validates-as-email\" aria-required=\"true\" aria-invalid=\"false\" value=\"\" type=\"email\" name=\"your-email\" \/><\/span>\n<\/p>\n<p><input class=\"wpcf7-form-control wpcf7-submit has-spinner\" type=\"submit\" value=\"Enviar\" \/>\n<\/p><div class=\"wpcf7-response-output\" aria-hidden=\"true\"><\/div>\n<\/form>\n<\/div>\n\n","protected":false},"excerpt":{"rendered":"<p>Pedimos que voc\u00ea leia atentamente as regras para postagem antes de enviar sua proposta de an\u00fancio gratuito. Favor n\u00e3o preencher os dados usando s\u00f3 letras [&#8230;]<\/p>\n","protected":false},"author":3,"featured_media":0,"parent":0,"menu_order":0,"comment_status":"closed","ping_status":"closed","template":"","meta":{"footnotes":""},"class_list":["post-155164","page","type-page","status-publish","hentry"],"yoast_head":"<!-- This site is optimized with the Yoast SEO plugin v27.5 - https:\/\/yoast.com\/product\/yoast-seo-wordpress\/ -->\n<title>Divulgar Vaga - VagasRIO<\/title>\n<meta name=\"robots\" content=\"index, follow, max-snippet:-1, max-image-preview:large, max-video-preview:-1\" \/>\n<link rel=\"canonical\" href=\"https:\/\/www.vagasrio.com.br\/index.php\/divulgar-vaga\/\" \/>\n<meta property=\"og:locale\" content=\"pt_BR\" \/>\n<meta property=\"og:type\" content=\"article\" \/>\n<meta property=\"og:title\" content=\"Divulgar Vaga - VagasRIO\" \/>\n<meta property=\"og:description\" content=\"Pedimos que voc\u00ea leia atentamente as regras para postagem antes de enviar sua proposta de an\u00fancio gratuito. Favor n\u00e3o preencher os dados usando s\u00f3 letras [...]\" \/>\n<meta property=\"og:url\" content=\"https:\/\/www.vagasrio.com.br\/index.php\/divulgar-vaga\/\" \/>\n<meta property=\"og:site_name\" content=\"VagasRIO\" \/>\n<meta property=\"article:modified_time\" content=\"2025-06-08T02:35:26+00:00\" \/>\n<meta name=\"twitter:card\" content=\"summary_large_image\" \/>\n<meta name=\"twitter:label1\" content=\"Est. tempo de leitura\" \/>\n\t<meta name=\"twitter:data1\" content=\"1 minuto\" \/>\n<script type=\"application\/ld+json\" class=\"yoast-schema-graph\">{\"@context\":\"https:\\\/\\\/schema.org\",\"@graph\":[{\"@type\":\"WebPage\",\"@id\":\"https:\\\/\\\/www.vagasrio.com.br\\\/index.php\\\/divulgar-vaga\\\/\",\"url\":\"https:\\\/\\\/www.vagasrio.com.br\\\/index.php\\\/divulgar-vaga\\\/\",\"name\":\"Divulgar Vaga - VagasRIO\",\"isPartOf\":{\"@id\":\"https:\\\/\\\/www.vagasrio.com.br\\\/#website\"},\"datePublished\":\"2017-04-13T21:08:57+00:00\",\"dateModified\":\"2025-06-08T02:35:26+00:00\",\"breadcrumb\":{\"@id\":\"https:\\\/\\\/www.vagasrio.com.br\\\/index.php\\\/divulgar-vaga\\\/#breadcrumb\"},\"inLanguage\":\"pt-BR\",\"potentialAction\":[{\"@type\":\"ReadAction\",\"target\":[\"https:\\\/\\\/www.vagasrio.com.br\\\/index.php\\\/divulgar-vaga\\\/\"]}]},{\"@type\":\"BreadcrumbList\",\"@id\":\"https:\\\/\\\/www.vagasrio.com.br\\\/index.php\\\/divulgar-vaga\\\/#breadcrumb\",\"itemListElement\":[{\"@type\":\"ListItem\",\"position\":1,\"name\":\"Home\",\"item\":\"https:\\\/\\\/www.vagasrio.com.br\\\/\"},{\"@type\":\"ListItem\",\"position\":2,\"name\":\"Divulgar Vaga\"}]},{\"@type\":\"WebSite\",\"@id\":\"https:\\\/\\\/www.vagasrio.com.br\\\/#website\",\"url\":\"https:\\\/\\\/www.vagasrio.com.br\\\/\",\"name\":\"VagasRIO\",\"description\":\"Vagas de Emprego e Est\u00e1gio no Rio de Janeiro\",\"publisher\":{\"@id\":\"https:\\\/\\\/www.vagasrio.com.br\\\/#organization\"},\"potentialAction\":[{\"@type\":\"SearchAction\",\"target\":{\"@type\":\"EntryPoint\",\"urlTemplate\":\"https:\\\/\\\/www.vagasrio.com.br\\\/?s={search_term_string}\"},\"query-input\":{\"@type\":\"PropertyValueSpecification\",\"valueRequired\":true,\"valueName\":\"search_term_string\"}}],\"inLanguage\":\"pt-BR\"},{\"@type\":\"Organization\",\"@id\":\"https:\\\/\\\/www.vagasrio.com.br\\\/#organization\",\"name\":\"VagasRIO\",\"url\":\"https:\\\/\\\/www.vagasrio.com.br\\\/\",\"logo\":{\"@type\":\"ImageObject\",\"inLanguage\":\"pt-BR\",\"@id\":\"https:\\\/\\\/www.vagasrio.com.br\\\/#\\\/schema\\\/logo\\\/image\\\/\",\"url\":\"https:\\\/\\\/www.vagasrio.com.br\\\/wp-content\\\/uploads\\\/2025\\\/06\\\/cropped-logo90.jpg\",\"contentUrl\":\"https:\\\/\\\/www.vagasrio.com.br\\\/wp-content\\\/uploads\\\/2025\\\/06\\\/cropped-logo90.jpg\",\"width\":220,\"height\":90,\"caption\":\"VagasRIO\"},\"image\":{\"@id\":\"https:\\\/\\\/www.vagasrio.com.br\\\/#\\\/schema\\\/logo\\\/image\\\/\"}}]}<\/script>\n<!-- \/ Yoast SEO plugin. -->","yoast_head_json":{"title":"Divulgar Vaga - VagasRIO","robots":{"index":"index","follow":"follow","max-snippet":"max-snippet:-1","max-image-preview":"max-image-preview:large","max-video-preview":"max-video-preview:-1"},"canonical":"https:\/\/www.vagasrio.com.br\/index.php\/divulgar-vaga\/","og_locale":"pt_BR","og_type":"article","og_title":"Divulgar Vaga - VagasRIO","og_description":"Pedimos que voc\u00ea leia atentamente as regras para postagem antes de enviar sua proposta de an\u00fancio gratuito. Favor n\u00e3o preencher os dados usando s\u00f3 letras [...]","og_url":"https:\/\/www.vagasrio.com.br\/index.php\/divulgar-vaga\/","og_site_name":"VagasRIO","article_modified_time":"2025-06-08T02:35:26+00:00","twitter_card":"summary_large_image","twitter_misc":{"Est. tempo de leitura":"1 minuto"},"schema":{"@context":"https:\/\/schema.org","@graph":[{"@type":"WebPage","@id":"https:\/\/www.vagasrio.com.br\/index.php\/divulgar-vaga\/","url":"https:\/\/www.vagasrio.com.br\/index.php\/divulgar-vaga\/","name":"Divulgar Vaga - VagasRIO","isPartOf":{"@id":"https:\/\/www.vagasrio.com.br\/#website"},"datePublished":"2017-04-13T21:08:57+00:00","dateModified":"2025-06-08T02:35:26+00:00","breadcrumb":{"@id":"https:\/\/www.vagasrio.com.br\/index.php\/divulgar-vaga\/#breadcrumb"},"inLanguage":"pt-BR","potentialAction":[{"@type":"ReadAction","target":["https:\/\/www.vagasrio.com.br\/index.php\/divulgar-vaga\/"]}]},{"@type":"BreadcrumbList","@id":"https:\/\/www.vagasrio.com.br\/index.php\/divulgar-vaga\/#breadcrumb","itemListElement":[{"@type":"ListItem","position":1,"name":"Home","item":"https:\/\/www.vagasrio.com.br\/"},{"@type":"ListItem","position":2,"name":"Divulgar Vaga"}]},{"@type":"WebSite","@id":"https:\/\/www.vagasrio.com.br\/#website","url":"https:\/\/www.vagasrio.com.br\/","name":"VagasRIO","description":"Vagas de Emprego e Est\u00e1gio no Rio de Janeiro","publisher":{"@id":"https:\/\/www.vagasrio.com.br\/#organization"},"potentialAction":[{"@type":"SearchAction","target":{"@type":"EntryPoint","urlTemplate":"https:\/\/www.vagasrio.com.br\/?s={search_term_string}"},"query-input":{"@type":"PropertyValueSpecification","valueRequired":true,"valueName":"search_term_string"}}],"inLanguage":"pt-BR"},{"@type":"Organization","@id":"https:\/\/www.vagasrio.com.br\/#organization","name":"VagasRIO","url":"https:\/\/www.vagasrio.com.br\/","logo":{"@type":"ImageObject","inLanguage":"pt-BR","@id":"https:\/\/www.vagasrio.com.br\/#\/schema\/logo\/image\/","url":"https:\/\/www.vagasrio.com.br\/wp-content\/uploads\/2025\/06\/cropped-logo90.jpg","contentUrl":"https:\/\/www.vagasrio.com.br\/wp-content\/uploads\/2025\/06\/cropped-logo90.jpg","width":220,"height":90,"caption":"VagasRIO"},"image":{"@id":"https:\/\/www.vagasrio.com.br\/#\/schema\/logo\/image\/"}}]}},"_links":{"self":[{"href":"https:\/\/www.vagasrio.com.br\/index.php\/wp-json\/wp\/v2\/pages\/155164","targetHints":{"allow":["GET"]}}],"collection":[{"href":"https:\/\/www.vagasrio.com.br\/index.php\/wp-json\/wp\/v2\/pages"}],"about":[{"href":"https:\/\/www.vagasrio.com.br\/index.php\/wp-json\/wp\/v2\/types\/page"}],"author":[{"embeddable":true,"href":"https:\/\/www.vagasrio.com.br\/index.php\/wp-json\/wp\/v2\/users\/3"}],"replies":[{"embeddable":true,"href":"https:\/\/www.vagasrio.com.br\/index.php\/wp-json\/wp\/v2\/comments?post=155164"}],"version-history":[{"count":1,"href":"https:\/\/www.vagasrio.com.br\/index.php\/wp-json\/wp\/v2\/pages\/155164\/revisions"}],"predecessor-version":[{"id":191237,"href":"https:\/\/www.vagasrio.com.br\/index.php\/wp-json\/wp\/v2\/pages\/155164\/revisions\/191237"}],"wp:attachment":[{"href":"https:\/\/www.vagasrio.com.br\/index.php\/wp-json\/wp\/v2\/media?parent=155164"}],"curies":[{"name":"wp","href":"https:\/\/api.w.org\/{rel}","templated":true}]}}