{"id":156569,"date":"2017-07-03T02:40:29","date_gmt":"2017-07-03T05:40:29","guid":{"rendered":"https:\/\/www.vagasrio.com.br\/?page_id=156569"},"modified":"2025-06-07T23:34:24","modified_gmt":"2025-06-08T02:34:24","slug":"regras","status":"publish","type":"page","link":"https:\/\/www.vagasrio.com.br\/index.php\/regras\/","title":{"rendered":"Regras"},"content":{"rendered":"<p>Pedimos que leia com a m\u00e1xima aten\u00e7\u00e3o nossas regras para postagem de vagas:<\/p>\n<p><strong>Regras para Todos os An\u00fancios de Vagas:<\/strong><\/p>\n<ul>\n<li style=\"text-align: justify;\">N\u00e3o divulgamos an\u00fancios de cursos disfar\u00e7ados de vagas de emprego, pir\u00e2mides, MMN, sistemas de &#8220;trabalhe em casa&#8221;\u00a0e assemelhados.<\/li>\n<li style=\"text-align: justify;\">De acordo com a legisla\u00e7\u00e3o vigente salientamos que n\u00e3o \u00e9 permitido fazer restri\u00e7\u00e3o a sexo, idade, estado civil e ra\u00e7a ou exigir experi\u00eancia superior a 6 meses. <strong>An\u00fancios em que houver alguma restri\u00e7\u00e3o desse tipo ser\u00e3o editados ou n\u00e3o ser\u00e3o publicados.<\/strong><\/li>\n<li style=\"text-align: justify;\">Vagas para trabalho aut\u00f4nomo devem ser <strong>claramente identificadas como tal no corpo do an\u00fancio<\/strong>. N\u00f3s publicamos vagas para trabalho aut\u00f4nomo, desde que o an\u00fancio n\u00e3o tente enganar o usu\u00e1rio fazendo com que ele acredite que trata-se de uma oferta de emprego.<\/li>\n<\/ul>\n<p><strong>An\u00fancios de Vagas em Destaque:<\/strong><\/p>\n<ul>\n<li style=\"text-align: justify;\">An\u00fancios em destaque s\u00e3o repetidos por 3 dias \u00fateis consecutivos, sempre nos hor\u00e1rios de maior movimento do site e com seu texto de cor diferenciada.<\/li>\n<li style=\"text-align: justify;\">A primeira publica\u00e7\u00e3o do an\u00fancio em destaque ocorrer\u00e1 em no m\u00e1ximo 24 horas ap\u00f3s a confirma\u00e7\u00e3o do pagamento. As publica\u00e7\u00f5es seguintes ser\u00e3o feitas em hor\u00e1rios alternados, sempre entre os hor\u00e1rios de pico do site, mas n\u00e3o necessariamente sempre no mesmo hor\u00e1rio.<\/li>\n<\/ul>\n","protected":false},"excerpt":{"rendered":"<p>Pedimos que leia com a m\u00e1xima aten\u00e7\u00e3o nossas regras para postagem de vagas: Regras para Todos os An\u00fancios de Vagas: N\u00e3o divulgamos an\u00fancios de cursos [&#8230;]<\/p>\n","protected":false},"author":3,"featured_media":0,"parent":0,"menu_order":0,"comment_status":"closed","ping_status":"closed","template":"","meta":{"footnotes":""},"class_list":["post-156569","page","type-page","status-publish","hentry"],"yoast_head":"<!-- This site is optimized with the Yoast SEO plugin v27.5 - https:\/\/yoast.com\/product\/yoast-seo-wordpress\/ -->\n<title>Regras - VagasRIO<\/title>\n<meta name=\"robots\" content=\"index, follow, max-snippet:-1, max-image-preview:large, max-video-preview:-1\" \/>\n<link rel=\"canonical\" href=\"https:\/\/www.vagasrio.com.br\/index.php\/regras\/\" \/>\n<meta property=\"og:locale\" content=\"pt_BR\" \/>\n<meta property=\"og:type\" content=\"article\" \/>\n<meta property=\"og:title\" content=\"Regras - VagasRIO\" \/>\n<meta property=\"og:description\" content=\"Pedimos que leia com a m\u00e1xima aten\u00e7\u00e3o nossas regras para postagem de vagas: Regras para Todos os An\u00fancios de Vagas: N\u00e3o divulgamos an\u00fancios de cursos [...]\" \/>\n<meta property=\"og:url\" content=\"https:\/\/www.vagasrio.com.br\/index.php\/regras\/\" \/>\n<meta property=\"og:site_name\" content=\"VagasRIO\" \/>\n<meta property=\"article:modified_time\" content=\"2025-06-08T02:34:24+00:00\" \/>\n<meta name=\"twitter:card\" content=\"summary_large_image\" \/>\n<meta name=\"twitter:label1\" content=\"Est. tempo de leitura\" \/>\n\t<meta name=\"twitter:data1\" content=\"2 minutos\" \/>\n<script type=\"application\/ld+json\" class=\"yoast-schema-graph\">{\"@context\":\"https:\\\/\\\/schema.org\",\"@graph\":[{\"@type\":\"WebPage\",\"@id\":\"https:\\\/\\\/www.vagasrio.com.br\\\/index.php\\\/regras\\\/\",\"url\":\"https:\\\/\\\/www.vagasrio.com.br\\\/index.php\\\/regras\\\/\",\"name\":\"Regras - VagasRIO\",\"isPartOf\":{\"@id\":\"https:\\\/\\\/www.vagasrio.com.br\\\/#website\"},\"datePublished\":\"2017-07-03T05:40:29+00:00\",\"dateModified\":\"2025-06-08T02:34:24+00:00\",\"breadcrumb\":{\"@id\":\"https:\\\/\\\/www.vagasrio.com.br\\\/index.php\\\/regras\\\/#breadcrumb\"},\"inLanguage\":\"pt-BR\",\"potentialAction\":[{\"@type\":\"ReadAction\",\"target\":[\"https:\\\/\\\/www.vagasrio.com.br\\\/index.php\\\/regras\\\/\"]}]},{\"@type\":\"BreadcrumbList\",\"@id\":\"https:\\\/\\\/www.vagasrio.com.br\\\/index.php\\\/regras\\\/#breadcrumb\",\"itemListElement\":[{\"@type\":\"ListItem\",\"position\":1,\"name\":\"Home\",\"item\":\"https:\\\/\\\/www.vagasrio.com.br\\\/\"},{\"@type\":\"ListItem\",\"position\":2,\"name\":\"Regras\"}]},{\"@type\":\"WebSite\",\"@id\":\"https:\\\/\\\/www.vagasrio.com.br\\\/#website\",\"url\":\"https:\\\/\\\/www.vagasrio.com.br\\\/\",\"name\":\"VagasRIO\",\"description\":\"Vagas de Emprego e Est\u00e1gio no Rio de Janeiro\",\"publisher\":{\"@id\":\"https:\\\/\\\/www.vagasrio.com.br\\\/#organization\"},\"potentialAction\":[{\"@type\":\"SearchAction\",\"target\":{\"@type\":\"EntryPoint\",\"urlTemplate\":\"https:\\\/\\\/www.vagasrio.com.br\\\/?s={search_term_string}\"},\"query-input\":{\"@type\":\"PropertyValueSpecification\",\"valueRequired\":true,\"valueName\":\"search_term_string\"}}],\"inLanguage\":\"pt-BR\"},{\"@type\":\"Organization\",\"@id\":\"https:\\\/\\\/www.vagasrio.com.br\\\/#organization\",\"name\":\"VagasRIO\",\"url\":\"https:\\\/\\\/www.vagasrio.com.br\\\/\",\"logo\":{\"@type\":\"ImageObject\",\"inLanguage\":\"pt-BR\",\"@id\":\"https:\\\/\\\/www.vagasrio.com.br\\\/#\\\/schema\\\/logo\\\/image\\\/\",\"url\":\"https:\\\/\\\/www.vagasrio.com.br\\\/wp-content\\\/uploads\\\/2025\\\/06\\\/cropped-logo90.jpg\",\"contentUrl\":\"https:\\\/\\\/www.vagasrio.com.br\\\/wp-content\\\/uploads\\\/2025\\\/06\\\/cropped-logo90.jpg\",\"width\":220,\"height\":90,\"caption\":\"VagasRIO\"},\"image\":{\"@id\":\"https:\\\/\\\/www.vagasrio.com.br\\\/#\\\/schema\\\/logo\\\/image\\\/\"}}]}<\/script>\n<!-- \/ Yoast SEO plugin. -->","yoast_head_json":{"title":"Regras - VagasRIO","robots":{"index":"index","follow":"follow","max-snippet":"max-snippet:-1","max-image-preview":"max-image-preview:large","max-video-preview":"max-video-preview:-1"},"canonical":"https:\/\/www.vagasrio.com.br\/index.php\/regras\/","og_locale":"pt_BR","og_type":"article","og_title":"Regras - VagasRIO","og_description":"Pedimos que leia com a m\u00e1xima aten\u00e7\u00e3o nossas regras para postagem de vagas: Regras para Todos os An\u00fancios de Vagas: N\u00e3o divulgamos an\u00fancios de cursos [...]","og_url":"https:\/\/www.vagasrio.com.br\/index.php\/regras\/","og_site_name":"VagasRIO","article_modified_time":"2025-06-08T02:34:24+00:00","twitter_card":"summary_large_image","twitter_misc":{"Est. tempo de leitura":"2 minutos"},"schema":{"@context":"https:\/\/schema.org","@graph":[{"@type":"WebPage","@id":"https:\/\/www.vagasrio.com.br\/index.php\/regras\/","url":"https:\/\/www.vagasrio.com.br\/index.php\/regras\/","name":"Regras - VagasRIO","isPartOf":{"@id":"https:\/\/www.vagasrio.com.br\/#website"},"datePublished":"2017-07-03T05:40:29+00:00","dateModified":"2025-06-08T02:34:24+00:00","breadcrumb":{"@id":"https:\/\/www.vagasrio.com.br\/index.php\/regras\/#breadcrumb"},"inLanguage":"pt-BR","potentialAction":[{"@type":"ReadAction","target":["https:\/\/www.vagasrio.com.br\/index.php\/regras\/"]}]},{"@type":"BreadcrumbList","@id":"https:\/\/www.vagasrio.com.br\/index.php\/regras\/#breadcrumb","itemListElement":[{"@type":"ListItem","position":1,"name":"Home","item":"https:\/\/www.vagasrio.com.br\/"},{"@type":"ListItem","position":2,"name":"Regras"}]},{"@type":"WebSite","@id":"https:\/\/www.vagasrio.com.br\/#website","url":"https:\/\/www.vagasrio.com.br\/","name":"VagasRIO","description":"Vagas de Emprego e Est\u00e1gio no Rio de Janeiro","publisher":{"@id":"https:\/\/www.vagasrio.com.br\/#organization"},"potentialAction":[{"@type":"SearchAction","target":{"@type":"EntryPoint","urlTemplate":"https:\/\/www.vagasrio.com.br\/?s={search_term_string}"},"query-input":{"@type":"PropertyValueSpecification","valueRequired":true,"valueName":"search_term_string"}}],"inLanguage":"pt-BR"},{"@type":"Organization","@id":"https:\/\/www.vagasrio.com.br\/#organization","name":"VagasRIO","url":"https:\/\/www.vagasrio.com.br\/","logo":{"@type":"ImageObject","inLanguage":"pt-BR","@id":"https:\/\/www.vagasrio.com.br\/#\/schema\/logo\/image\/","url":"https:\/\/www.vagasrio.com.br\/wp-content\/uploads\/2025\/06\/cropped-logo90.jpg","contentUrl":"https:\/\/www.vagasrio.com.br\/wp-content\/uploads\/2025\/06\/cropped-logo90.jpg","width":220,"height":90,"caption":"VagasRIO"},"image":{"@id":"https:\/\/www.vagasrio.com.br\/#\/schema\/logo\/image\/"}}]}},"_links":{"self":[{"href":"https:\/\/www.vagasrio.com.br\/index.php\/wp-json\/wp\/v2\/pages\/156569","targetHints":{"allow":["GET"]}}],"collection":[{"href":"https:\/\/www.vagasrio.com.br\/index.php\/wp-json\/wp\/v2\/pages"}],"about":[{"href":"https:\/\/www.vagasrio.com.br\/index.php\/wp-json\/wp\/v2\/types\/page"}],"author":[{"embeddable":true,"href":"https:\/\/www.vagasrio.com.br\/index.php\/wp-json\/wp\/v2\/users\/3"}],"replies":[{"embeddable":true,"href":"https:\/\/www.vagasrio.com.br\/index.php\/wp-json\/wp\/v2\/comments?post=156569"}],"version-history":[{"count":2,"href":"https:\/\/www.vagasrio.com.br\/index.php\/wp-json\/wp\/v2\/pages\/156569\/revisions"}],"predecessor-version":[{"id":191236,"href":"https:\/\/www.vagasrio.com.br\/index.php\/wp-json\/wp\/v2\/pages\/156569\/revisions\/191236"}],"wp:attachment":[{"href":"https:\/\/www.vagasrio.com.br\/index.php\/wp-json\/wp\/v2\/media?parent=156569"}],"curies":[{"name":"wp","href":"https:\/\/api.w.org\/{rel}","templated":true}]}}