{"id":156572,"date":"2017-07-03T02:42:15","date_gmt":"2017-07-03T05:42:15","guid":{"rendered":"https:\/\/www.vagasrio.com.br\/?page_id=156572"},"modified":"2017-07-03T02:42:15","modified_gmt":"2017-07-03T05:42:15","slug":"duvidas","status":"publish","type":"page","link":"https:\/\/www.vagasrio.com.br\/index.php\/duvidas\/","title":{"rendered":"D\u00favidas Frequentes"},"content":{"rendered":"<h6 style=\"text-align: justify;\"><strong>D\u00favidas de Candidatos<\/strong><\/h6>\n<p style=\"text-align: justify;\"><span style=\"color: #ff0000;\">O Vagas Rio \u00e9 uma ag\u00eancia de empregos? Posso mandar meu curr\u00edculo para voc\u00eas me conseguirem um emprego?<\/span><\/p>\n<p style=\"text-align: justify;\"><span style=\"color: #008000;\">N\u00e3o, n\u00f3s somos um site que publica an\u00fancios de emprego dispon\u00edveis em todo o estado do RJ enviados por empresas de RH ou pela pr\u00f3pria empresa contratante. N\u00e3o recebemos curr\u00edculos, os mesmos devem ser encaminhados diretamente \u00e0 empresa que est\u00e1 realizando o processo seletivo, conforme as instru\u00e7\u00f5es constantes em cada an\u00fancio de vaga.<\/span><\/p>\n<p style=\"text-align: justify;\"><span style=\"color: #ff0000;\">Como fa\u00e7o para concorrer \u00e0s vagas aqui anunciadas?<\/span><\/p>\n<p style=\"text-align: justify;\"><span style=\"color: #008000;\">Cada an\u00fancio de vaga cont\u00e9m o e-mail para onde voc\u00ea deve enviar curr\u00edculo ou o endere\u00e7o onde deve comparecer para participar do processo seletivo.<\/span><\/p>\n<h4 style=\"text-align: justify;\"><strong>D\u00favidas de Recrutadores<\/strong><\/h4>\n<p style=\"text-align: justify;\"><span style=\"color: #ff0000;\">Enviei uma vaga alguns minutos atr\u00e1s e ela ainda n\u00e3o foi publicada, o que aconteceu?<\/span><\/p>\n<p style=\"text-align: justify;\"><span style=\"color: #008000;\">Nosso prazo m\u00e1ximo para publica\u00e7\u00e3o de vagas \u00e9 de 48 horas \u00fateis, sendo que geralmente conseguimos publicar em no m\u00e1ximo 24 horas \u00fateis. Se ao final das 48 horas seu an\u00fancio n\u00e3o houver sido publicado verifique se seu an\u00fancio estava de acordo com nossas <a href=\"https:\/\/www.vagasrio.com.br\/regras\/\">regras<\/a> e se n\u00e3o achar algum problema entre em <a href=\"https:\/\/www.vagasrio.com.br\/contato\/\">contato<\/a>.<\/span><\/p>\n<p style=\"text-align: justify;\"><span style=\"color: #ff0000;\">Por qu\u00ea a publica\u00e7\u00e3o de vagas n\u00e3o \u00e9 instant\u00e2nea?<\/span><\/p>\n<p style=\"text-align: justify;\"><span style=\"color: #008000;\">Porque \u00e9 necess\u00e1rio que um membro de nossa equipe verifique se o an\u00fancio est\u00e1 de acordo com nossas regras de publica\u00e7\u00e3o e libere ou reprove as vagas que nos s\u00e3o enviadas.<\/span><\/p>\n<p style=\"text-align: justify;\"><span style=\"color: #ff0000;\">Como posso cancelar uma vaga que publiquei, pois j\u00e1 recebi curr\u00edculos suficientes?<\/span><\/p>\n<p style=\"text-align: justify;\"><span style=\"color: #008000;\">No menu lateral do site VagasBR<\/span> (<a href=\"http:\/\/www.vagasbr.com.br\">http:\/\/www.vagasbr.com.br<\/a>) <span style=\"color: #008000;\">existe uma op\u00e7\u00e3o para cancelamento de vagas.<\/span><\/p>\n","protected":false},"excerpt":{"rendered":"<p>D\u00favidas de Candidatos O Vagas Rio \u00e9 uma ag\u00eancia de empregos? Posso mandar meu curr\u00edculo para voc\u00eas me conseguirem um emprego? N\u00e3o, n\u00f3s somos um [&#8230;]<\/p>\n","protected":false},"author":3,"featured_media":0,"parent":0,"menu_order":0,"comment_status":"closed","ping_status":"closed","template":"","meta":{"footnotes":""},"class_list":["post-156572","page","type-page","status-publish","hentry"],"yoast_head":"<!-- This site is optimized with the Yoast SEO plugin v27.5 - https:\/\/yoast.com\/product\/yoast-seo-wordpress\/ -->\n<title>D\u00favidas Frequentes - VagasRIO<\/title>\n<meta name=\"robots\" content=\"index, follow, max-snippet:-1, max-image-preview:large, max-video-preview:-1\" \/>\n<link rel=\"canonical\" href=\"https:\/\/www.vagasrio.com.br\/index.php\/duvidas\/\" \/>\n<meta property=\"og:locale\" content=\"pt_BR\" \/>\n<meta property=\"og:type\" content=\"article\" \/>\n<meta property=\"og:title\" content=\"D\u00favidas Frequentes - VagasRIO\" \/>\n<meta property=\"og:description\" content=\"D\u00favidas de Candidatos O Vagas Rio \u00e9 uma ag\u00eancia de empregos? Posso mandar meu curr\u00edculo para voc\u00eas me conseguirem um emprego? N\u00e3o, n\u00f3s somos um [...]\" \/>\n<meta property=\"og:url\" content=\"https:\/\/www.vagasrio.com.br\/index.php\/duvidas\/\" \/>\n<meta property=\"og:site_name\" content=\"VagasRIO\" \/>\n<meta name=\"twitter:card\" content=\"summary_large_image\" \/>\n<meta name=\"twitter:label1\" content=\"Est. tempo de leitura\" \/>\n\t<meta name=\"twitter:data1\" content=\"1 minuto\" \/>\n<script type=\"application\/ld+json\" class=\"yoast-schema-graph\">{\"@context\":\"https:\\\/\\\/schema.org\",\"@graph\":[{\"@type\":\"WebPage\",\"@id\":\"https:\\\/\\\/www.vagasrio.com.br\\\/index.php\\\/duvidas\\\/\",\"url\":\"https:\\\/\\\/www.vagasrio.com.br\\\/index.php\\\/duvidas\\\/\",\"name\":\"D\u00favidas Frequentes - VagasRIO\",\"isPartOf\":{\"@id\":\"https:\\\/\\\/www.vagasrio.com.br\\\/#website\"},\"datePublished\":\"2017-07-03T05:42:15+00:00\",\"breadcrumb\":{\"@id\":\"https:\\\/\\\/www.vagasrio.com.br\\\/index.php\\\/duvidas\\\/#breadcrumb\"},\"inLanguage\":\"pt-BR\",\"potentialAction\":[{\"@type\":\"ReadAction\",\"target\":[\"https:\\\/\\\/www.vagasrio.com.br\\\/index.php\\\/duvidas\\\/\"]}]},{\"@type\":\"BreadcrumbList\",\"@id\":\"https:\\\/\\\/www.vagasrio.com.br\\\/index.php\\\/duvidas\\\/#breadcrumb\",\"itemListElement\":[{\"@type\":\"ListItem\",\"position\":1,\"name\":\"Home\",\"item\":\"https:\\\/\\\/www.vagasrio.com.br\\\/\"},{\"@type\":\"ListItem\",\"position\":2,\"name\":\"D\u00favidas Frequentes\"}]},{\"@type\":\"WebSite\",\"@id\":\"https:\\\/\\\/www.vagasrio.com.br\\\/#website\",\"url\":\"https:\\\/\\\/www.vagasrio.com.br\\\/\",\"name\":\"VagasRIO\",\"description\":\"Vagas de Emprego e Est\u00e1gio no Rio de Janeiro\",\"publisher\":{\"@id\":\"https:\\\/\\\/www.vagasrio.com.br\\\/#organization\"},\"potentialAction\":[{\"@type\":\"SearchAction\",\"target\":{\"@type\":\"EntryPoint\",\"urlTemplate\":\"https:\\\/\\\/www.vagasrio.com.br\\\/?s={search_term_string}\"},\"query-input\":{\"@type\":\"PropertyValueSpecification\",\"valueRequired\":true,\"valueName\":\"search_term_string\"}}],\"inLanguage\":\"pt-BR\"},{\"@type\":\"Organization\",\"@id\":\"https:\\\/\\\/www.vagasrio.com.br\\\/#organization\",\"name\":\"VagasRIO\",\"url\":\"https:\\\/\\\/www.vagasrio.com.br\\\/\",\"logo\":{\"@type\":\"ImageObject\",\"inLanguage\":\"pt-BR\",\"@id\":\"https:\\\/\\\/www.vagasrio.com.br\\\/#\\\/schema\\\/logo\\\/image\\\/\",\"url\":\"https:\\\/\\\/www.vagasrio.com.br\\\/wp-content\\\/uploads\\\/2025\\\/06\\\/cropped-logo90.jpg\",\"contentUrl\":\"https:\\\/\\\/www.vagasrio.com.br\\\/wp-content\\\/uploads\\\/2025\\\/06\\\/cropped-logo90.jpg\",\"width\":220,\"height\":90,\"caption\":\"VagasRIO\"},\"image\":{\"@id\":\"https:\\\/\\\/www.vagasrio.com.br\\\/#\\\/schema\\\/logo\\\/image\\\/\"}}]}<\/script>\n<!-- \/ Yoast SEO plugin. -->","yoast_head_json":{"title":"D\u00favidas Frequentes - VagasRIO","robots":{"index":"index","follow":"follow","max-snippet":"max-snippet:-1","max-image-preview":"max-image-preview:large","max-video-preview":"max-video-preview:-1"},"canonical":"https:\/\/www.vagasrio.com.br\/index.php\/duvidas\/","og_locale":"pt_BR","og_type":"article","og_title":"D\u00favidas Frequentes - VagasRIO","og_description":"D\u00favidas de Candidatos O Vagas Rio \u00e9 uma ag\u00eancia de empregos? Posso mandar meu curr\u00edculo para voc\u00eas me conseguirem um emprego? N\u00e3o, n\u00f3s somos um [...]","og_url":"https:\/\/www.vagasrio.com.br\/index.php\/duvidas\/","og_site_name":"VagasRIO","twitter_card":"summary_large_image","twitter_misc":{"Est. tempo de leitura":"1 minuto"},"schema":{"@context":"https:\/\/schema.org","@graph":[{"@type":"WebPage","@id":"https:\/\/www.vagasrio.com.br\/index.php\/duvidas\/","url":"https:\/\/www.vagasrio.com.br\/index.php\/duvidas\/","name":"D\u00favidas Frequentes - VagasRIO","isPartOf":{"@id":"https:\/\/www.vagasrio.com.br\/#website"},"datePublished":"2017-07-03T05:42:15+00:00","breadcrumb":{"@id":"https:\/\/www.vagasrio.com.br\/index.php\/duvidas\/#breadcrumb"},"inLanguage":"pt-BR","potentialAction":[{"@type":"ReadAction","target":["https:\/\/www.vagasrio.com.br\/index.php\/duvidas\/"]}]},{"@type":"BreadcrumbList","@id":"https:\/\/www.vagasrio.com.br\/index.php\/duvidas\/#breadcrumb","itemListElement":[{"@type":"ListItem","position":1,"name":"Home","item":"https:\/\/www.vagasrio.com.br\/"},{"@type":"ListItem","position":2,"name":"D\u00favidas Frequentes"}]},{"@type":"WebSite","@id":"https:\/\/www.vagasrio.com.br\/#website","url":"https:\/\/www.vagasrio.com.br\/","name":"VagasRIO","description":"Vagas de Emprego e Est\u00e1gio no Rio de Janeiro","publisher":{"@id":"https:\/\/www.vagasrio.com.br\/#organization"},"potentialAction":[{"@type":"SearchAction","target":{"@type":"EntryPoint","urlTemplate":"https:\/\/www.vagasrio.com.br\/?s={search_term_string}"},"query-input":{"@type":"PropertyValueSpecification","valueRequired":true,"valueName":"search_term_string"}}],"inLanguage":"pt-BR"},{"@type":"Organization","@id":"https:\/\/www.vagasrio.com.br\/#organization","name":"VagasRIO","url":"https:\/\/www.vagasrio.com.br\/","logo":{"@type":"ImageObject","inLanguage":"pt-BR","@id":"https:\/\/www.vagasrio.com.br\/#\/schema\/logo\/image\/","url":"https:\/\/www.vagasrio.com.br\/wp-content\/uploads\/2025\/06\/cropped-logo90.jpg","contentUrl":"https:\/\/www.vagasrio.com.br\/wp-content\/uploads\/2025\/06\/cropped-logo90.jpg","width":220,"height":90,"caption":"VagasRIO"},"image":{"@id":"https:\/\/www.vagasrio.com.br\/#\/schema\/logo\/image\/"}}]}},"_links":{"self":[{"href":"https:\/\/www.vagasrio.com.br\/index.php\/wp-json\/wp\/v2\/pages\/156572","targetHints":{"allow":["GET"]}}],"collection":[{"href":"https:\/\/www.vagasrio.com.br\/index.php\/wp-json\/wp\/v2\/pages"}],"about":[{"href":"https:\/\/www.vagasrio.com.br\/index.php\/wp-json\/wp\/v2\/types\/page"}],"author":[{"embeddable":true,"href":"https:\/\/www.vagasrio.com.br\/index.php\/wp-json\/wp\/v2\/users\/3"}],"replies":[{"embeddable":true,"href":"https:\/\/www.vagasrio.com.br\/index.php\/wp-json\/wp\/v2\/comments?post=156572"}],"version-history":[{"count":0,"href":"https:\/\/www.vagasrio.com.br\/index.php\/wp-json\/wp\/v2\/pages\/156572\/revisions"}],"wp:attachment":[{"href":"https:\/\/www.vagasrio.com.br\/index.php\/wp-json\/wp\/v2\/media?parent=156572"}],"curies":[{"name":"wp","href":"https:\/\/api.w.org\/{rel}","templated":true}]}}